{"id":35,"date":"2014-04-04T18:56:39","date_gmt":"2014-04-04T18:56:39","guid":{"rendered":"http:\/\/www.instalacionesdira.com\/web\/?page_id=35"},"modified":"2014-10-01T16:43:09","modified_gmt":"2014-10-01T16:43:09","slug":"inicio","status":"publish","type":"page","link":"http:\/\/www.instalacionesdira.com\/web\/","title":{"rendered":"Inicio"},"content":{"rendered":"<p><a href=\"http:\/\/www.instalacionesdira.com\/web\/wp-content\/uploads\/2014\/04\/Commercial-Electrical-Installation-2.jpg\"><img loading=\"lazy\" decoding=\"async\" class=\" wp-image-83 alignright\" style=\"border: 2px solid black;\" alt=\"Commercial-Electrical-Installation-2\" src=\"http:\/\/www.instalacionesdira.com\/web\/wp-content\/uploads\/2014\/04\/Commercial-Electrical-Installation-2-300x252.jpg\" width=\"262\" height=\"220\" srcset=\"http:\/\/www.instalacionesdira.com\/web\/wp-content\/uploads\/2014\/04\/Commercial-Electrical-Installation-2-300x252.jpg 300w, http:\/\/www.instalacionesdira.com\/web\/wp-content\/uploads\/2014\/04\/Commercial-Electrical-Installation-2.jpg 744w\" sizes=\"auto, (max-width: 262px) 100vw, 262px\" \/><\/a><\/p>\n<h3 style=\"text-align: justify;\"><span style=\"color: #ffffff;\">Bienvenidos a la web de Instalaciones El\u00e9ctricas Dira.<\/span><\/h3>\n<h3 style=\"text-align: justify;\"><span style=\"color: #ffffff;\">Nuestra empresa esta radicada en el municipio de Valle Gran Rey en la isla de La Gomera, y en nuestros m\u00e1s de 20 a\u00f1os de experiencia hemos ofrecido servicios de instalaci\u00f3n y certificaci\u00f3n de instalaciones el\u00e9ctricas de baja tensi\u00f3n y telecomunicaciones.<\/span><\/h3>\n<h3 style=\"text-align: justify;\"><span style=\"color: #ffffff;\">Si desea contratar nuestros servicios puede ponerse en contacto con nosotros a trav\u00e9s de nuestro correo:<\/span><\/h3>\n<h2 style=\"text-align: justify;\"><span style=\"color: #ffffff;\"><a title=\"Desde la web\" href=\"mailto:info@instalacionesdira.com\"><span style=\"color: #ffff00;\"> info@instalacionesdira.com<\/span><\/a>,\u00a0o en uno de los siguientes n\u00fameros de tel\u00e9fono:<\/span><\/h2>\n<h2 style=\"text-align: center;\"><span style=\"color: #ffffff;\">\u00a0<\/span><\/h2>\n<h2 style=\"text-align: center;\"><span style=\"color: #ffffff;\">679 45 33 81\/82 \u00f3 670 56 98 68<\/span><\/h2>\n","protected":false},"excerpt":{"rendered":"<p>Bienvenidos a la web de Instalaciones El\u00e9ctricas Dira. Nuestra empresa esta radicada en el municipio de Valle Gran Rey en la isla de La Gomera, y en nuestros m\u00e1s de 20 a\u00f1os de experiencia hemos ofrecido servicios de instalaci\u00f3n y certificaci\u00f3n de instalaciones el\u00e9ctricas de baja tensi\u00f3n y telecomunicaciones. Si desea contratar nuestros servicios puede [&hellip;]<\/p>\n","protected":false},"author":1,"featured_media":0,"parent":0,"menu_order":0,"comment_status":"closed","ping_status":"closed","template":"","meta":{"footnotes":""},"class_list":["post-35","page","type-page","status-publish","hentry"],"_links":{"self":[{"href":"http:\/\/www.instalacionesdira.com\/web\/wp-json\/wp\/v2\/pages\/35","targetHints":{"allow":["GET"]}}],"collection":[{"href":"http:\/\/www.instalacionesdira.com\/web\/wp-json\/wp\/v2\/pages"}],"about":[{"href":"http:\/\/www.instalacionesdira.com\/web\/wp-json\/wp\/v2\/types\/page"}],"author":[{"embeddable":true,"href":"http:\/\/www.instalacionesdira.com\/web\/wp-json\/wp\/v2\/users\/1"}],"replies":[{"embeddable":true,"href":"http:\/\/www.instalacionesdira.com\/web\/wp-json\/wp\/v2\/comments?post=35"}],"version-history":[{"count":15,"href":"http:\/\/www.instalacionesdira.com\/web\/wp-json\/wp\/v2\/pages\/35\/revisions"}],"predecessor-version":[{"id":92,"href":"http:\/\/www.instalacionesdira.com\/web\/wp-json\/wp\/v2\/pages\/35\/revisions\/92"}],"wp:attachment":[{"href":"http:\/\/www.instalacionesdira.com\/web\/wp-json\/wp\/v2\/media?parent=35"}],"curies":[{"name":"wp","href":"https:\/\/api.w.org\/{rel}","templated":true}]}}